{"id":1365,"date":"2018-09-18T11:19:07","date_gmt":"2018-09-18T11:19:07","guid":{"rendered":"https:\/\/ronciervadorada.com\/?page_id=1365"},"modified":"2022-09-30T10:09:16","modified_gmt":"2022-09-30T10:09:16","slug":"home-vintage-product","status":"publish","type":"page","link":"https:\/\/ronciervadorada.com\/en\/home-vintage-product\/","title":{"rendered":"Home Vintage Product"},"content":{"rendered":"<!-- CWS Row --><div  class=\"cws-content\" style=\"background-repeat:repeat;background-size:initial;background-attachment:scroll;background-position:0% 0%;\"><div class=\"cws_extra_wrapper\"><div data-vc-full-width=\"true\" data-vc-full-width-init=\"false\" class=\"vc_row wpb_row vc_row-fluid wpb_animate_when_almost_visible wpb_fadeInUp fadeInUp\"><div class=\"wpb_column vc_column_container vc_col-sm-12 cws-column\"><div class=\"cws_vc_column-inner\"><div class=\"wpb_column vc_column_container vc_col-sm-12\"><div class=\"vc_column-inner\"><div class=\"wpb_wrapper\"><div class=\"cws_spacing cws_spacing_size_sm_desctop-on cws_spacing_tablet-on cws_spacing_mobile-on\"><div class=\"cws_spacing cws_spacing_default\" style=\"height:80px;\"><\/div> <div class=\"cws_spacing cws_spacing_size_sm_desctop\" style=\"height:80px;\"><\/div> <div class=\"cws_spacing cws_spacing_tablet\" style=\"height:50px;\"><\/div> <div class=\"cws_spacing cws_spacing_mobile\" style=\"height:50px;\"><\/div><\/div><div class='cws_textmodule cws_vc_shortcode_module' id='cws_textmodule_69e05a1a30127'><div class='cws_textmodule_wrapper'><div class='cws_textmodule_text text_align_center'><div class='cws_textmodule_titles'><div class='cws_textmodule_subtitle_wrapper with_decor'><span class='subtitle-dots left'><\/span><span class='subtitile_left_line'><\/span><h4 class='cws_textmodule_subtitle'>RON CIERVA DORADA<\/h4><span class='subtitile_right_line'><\/span><span class='subtitle-dots right'><\/span><\/div><\/div><\/div><\/div><\/div><div class=\"vc_row wpb_row vc_inner vc_row-fluid\"><div class=\"wpb_column vc_column_container vc_col-sm-4 vc_col-lg-3\"><div class=\"vc_column-inner\"><div class=\"wpb_wrapper\"><\/div><\/div><\/div><div class=\"wpb_column vc_column_container vc_col-sm-4 vc_col-lg-6\"><div class=\"vc_column-inner\"><div class=\"wpb_wrapper\"><div class='cws_textmodule cws_vc_shortcode_module' id='cws_textmodule_69e05a1a30a44'><div class='cws_textmodule_wrapper'><div class='cws_textmodule_text text_align_center'><div class='cws_textmodule_titles'><h6 class='cws_textmodule_title small'>12 A\u00d1OS<\/h6><\/div><\/div><\/div><\/div><\/div><\/div><\/div><div class=\"wpb_column vc_column_container vc_col-sm-4 vc_col-lg-3\"><div class=\"vc_column-inner\"><div class=\"wpb_wrapper\"><\/div><\/div><\/div><\/div><div class=\"cws_spacing cws_spacing_size_sm_desctop-on cws_spacing_tablet-on cws_spacing_mobile-on\"><div class=\"cws_spacing cws_spacing_default\" style=\"height:10px;\"><\/div> <div class=\"cws_spacing cws_spacing_size_sm_desctop\" style=\"height:10px;\"><\/div> <div class=\"cws_spacing cws_spacing_tablet\" style=\"height:0px;\"><\/div> <div class=\"cws_spacing cws_spacing_mobile\" style=\"height:0px;\"><\/div><\/div><div class=\"vc_row wpb_row vc_inner vc_row-fluid\"><div class=\"wpb_column vc_column_container vc_col-sm-4\"><div class=\"vc_column-inner\"><div class=\"wpb_wrapper\"><div id='cws_info_69e05a1a3164b' class='cws_info_wrapper style_1' ><div class='cws_info_title'>Ambiental<\/div><div class='cws_content'><p style=\"text-align: center;\">En el de cierva pondr\u00edan poner que su empaque de lujo es un lienzo repujado en material biodegradable que busca ser amigable con el medio ambiente.<\/p>\n<\/div><\/div><\/div><\/div><\/div><div class=\"wpb_column vc_column_container vc_col-sm-4\"><div class=\"vc_column-inner\"><div class=\"wpb_wrapper\">\n\t<div  class=\"wpb_single_image wpb_content_element vc_align_center\">\n\t\t\n\t\t<figure class=\"wpb_wrapper vc_figure\">\n\t\t\t<div class=\"vc_single_image-wrapper   vc_box_border_grey\"><img loading=\"lazy\" decoding=\"async\" width=\"2500\" height=\"2500\" src=\"https:\/\/ronciervadorada.com\/wp-content\/uploads\/2022\/08\/GIF-botella.gif\" class=\"vc_single_image-img attachment-full\" alt=\"\" \/><\/div>\n\t\t<\/figure>\n\t<\/div>\n<\/div><\/div><\/div><div class=\"wpb_column vc_column_container vc_col-sm-4\"><div class=\"vc_column-inner\"><div class=\"wpb_wrapper\"><div id='cws_info_69e05a1a3253c' class='cws_info_wrapper style_1' ><div class='cws_info_title'>Hijo del Caribe<\/div><div class='cws_content'><p style=\"text-align: center;\">En el alba, donde las ondas turbulentas del vasto mar profundo se mezclan con el horizonte, surge la leyenda del ron <strong>CIERVA DORADA,\u00a0<\/strong>que como el gale\u00f3n que es su musa, es un regalo con alma de madera que crean una pieza \u00fanica para los sentidos<\/p>\n<\/div><\/div><\/div><\/div><\/div><\/div><div class=\"cws_spacing cws_spacing_size_sm_desctop-on cws_spacing_tablet-on cws_spacing_mobile-on\"><div class=\"cws_spacing cws_spacing_default\" style=\"height:105px;\"><\/div> <div class=\"cws_spacing cws_spacing_size_sm_desctop\" style=\"height:105px;\"><\/div> <div class=\"cws_spacing cws_spacing_tablet\" style=\"height:100px;\"><\/div> <div class=\"cws_spacing cws_spacing_mobile\" style=\"height:50px;\"><\/div><\/div><\/div><\/div><\/div><!-- CWS Column --> <\/div><\/div><\/div><div class=\"vc_row-full-width vc_clearfix\"><\/div><\/div><\/div><!-- CWS Row --><div  class=\"cws-content\" style=\"background-repeat:repeat;background-size:initial;background-attachment:scroll;background-position:0% 0%;\"><div class=\"cws_extra_wrapper\"><div data-vc-full-width=\"true\" data-vc-full-width-init=\"false\" class=\"vc_row wpb_row vc_row-fluid wpb_animate_when_almost_visible wpb_fadeInUp fadeInUp vc_custom_1633447539012 vc_row-has-fill\"><div class=\"wpb_column vc_column_container vc_col-sm-12 cws-column\"><div class=\"cws_vc_column-inner\"><div class=\"wpb_column vc_column_container vc_col-sm-12\"><div class=\"vc_column-inner\"><div class=\"wpb_wrapper\"><div class=\"cws_spacing cws_spacing_size_sm_desctop-on cws_spacing_tablet-on cws_spacing_mobile-on\"><div class=\"cws_spacing cws_spacing_default\" style=\"height:100px;\"><\/div> <div class=\"cws_spacing cws_spacing_size_sm_desctop\" style=\"height:100px;\"><\/div> <div class=\"cws_spacing cws_spacing_tablet\" style=\"height:100px;\"><\/div> <div class=\"cws_spacing cws_spacing_mobile\" style=\"height:50px;\"><\/div><\/div><div id='cws_product_carousel_69e05a1a32e07' class='cws_product_carousel align-left'><div class='cws_product_carousel_info_part'><div class='product_carousel_titles_wrapper'><h3 class=\"product_carousel_title\">CIERVA DORADA<\/h3><\/div><div class='product_carousel_all_info_wrapper'><\/div><div class='product_carousel_list_wrapper'><div data-trigger-id='product_carousel_item_69e05a1a32de5' class='product_carousel_list_item active'><div class='img_wrap'><img src='https:\/\/ronciervadorada.com\/wp-content\/uploads\/2021\/09\/w03.png' alt='' \/><\/div><\/div><div data-trigger-id='product_carousel_item_69e05a1a32e04' class='product_carousel_list_item'><div class='img_wrap'><img src='https:\/\/ronciervadorada.com\/wp-content\/uploads\/2021\/10\/14.png' alt='' \/><\/div><\/div><div data-trigger-id='product_carousel_item_69e05a1a32e05' class='product_carousel_list_item'><div class='img_wrap'><img src='https:\/\/ronciervadorada.com\/wp-content\/uploads\/2021\/10\/15.png' alt='' \/><\/div><\/div><div data-trigger-id='product_carousel_item_69e05a1a32e06' class='product_carousel_list_item'><div class='img_wrap'><img src='https:\/\/ronciervadorada.com\/wp-content\/uploads\/2021\/09\/w03.png' alt='' \/><\/div><\/div><\/div><\/div><div class='cws_product_carousel_preview'><div class='product_carousel_preview_item'><img data-prewiew-id='product_carousel_item_69e05a1a32de5' src='https:\/\/ronciervadorada.com\/wp-content\/uploads\/2021\/09\/w03.png' alt='' class='active' \/><img data-prewiew-id='product_carousel_item_69e05a1a32e04' src='https:\/\/ronciervadorada.com\/wp-content\/uploads\/2021\/10\/14.png' alt='' class='' \/><img data-prewiew-id='product_carousel_item_69e05a1a32e05' src='https:\/\/ronciervadorada.com\/wp-content\/uploads\/2021\/10\/15.png' alt='' class='' \/><img data-prewiew-id='product_carousel_item_69e05a1a32e06' src='https:\/\/ronciervadorada.com\/wp-content\/uploads\/2021\/09\/w03.png' alt='' class='' \/><\/div><\/div><\/div><div class=\"cws_spacing\"><div class=\"cws_spacing cws_spacing_default\" style=\"height:120px;\"><\/div><\/div><\/div><\/div><\/div><!-- CWS Column --> <\/div><\/div><\/div><div class=\"vc_row-full-width vc_clearfix\"><\/div><\/div><\/div><!-- CWS Row --><div  class=\"cws-content\" style=\"background-repeat:repeat;background-size:initial;background-attachment:scroll;background-position:0% 0%;\"><div class=\"cws_extra_wrapper\"><div data-vc-full-width=\"true\" data-vc-full-width-init=\"false\" data-vc-stretch-content=\"true\" class=\"vc_row wpb_row vc_row-fluid vc_row-no-padding\"><div class=\"wpb_column vc_column_container vc_col-sm-12 cws-column\"><div class=\"cws_vc_column-inner\"><div class=\"wpb_column vc_column_container vc_col-sm-12\"><div class=\"vc_column-inner\"><div class=\"wpb_wrapper\"><div id='cta_69e05a1a34617' class='cws_vc_shortcode_cta cws_vc_shortcode_module vc_custom_1664532555084'><div class='cta_holder'><div class='cta_text'>COMPRA RON CIERVA DORADA<\/div><div class='cta_icon'><i class='flaticon-right-arrow-of-indian-style'><\/i><\/div><a href='https:\/\/ronciervadorada.com\/en\/inicio-cierva-dorada\/' class='cws_custom_button advanced'>HACIENDO CLIC AQU\u00cd<\/a><\/div><\/div><\/div><\/div><\/div><!-- CWS Column --> <\/div><\/div><\/div><div class=\"vc_row-full-width vc_clearfix\"><\/div><\/div><\/div><!-- CWS Row --><div  class=\"cws-content\" style=\"background-repeat:no-repeat;background-size:cover;background-attachment:scroll;background-position:50% 50%;\"><div class=\"cws_extra_wrapper\"><div data-vc-full-width=\"true\" data-vc-full-width-init=\"false\" class=\"vc_row wpb_row vc_row-fluid wpb_animate_when_almost_visible wpb_fadeInUp fadeInUp vc_custom_1633471496306 vc_row-has-fill\"><div class='cws-overlay-bg' style='background-color:rgba(0,0,0,0.5);'><\/div><div class=\"wpb_column vc_column_container vc_col-sm-12 cws-column\"><div class=\"cws_vc_column-inner\"><div class=\"wpb_column vc_column_container vc_col-sm-12\"><div class=\"vc_column-inner\"><div class=\"wpb_wrapper\"><div class=\"cws_spacing cws_spacing_size_sm_desctop-on cws_spacing_tablet-on cws_spacing_mobile-on\"><div class=\"cws_spacing cws_spacing_default\" style=\"height:110px;\"><\/div> <div class=\"cws_spacing cws_spacing_size_sm_desctop\" style=\"height:110px;\"><\/div> <div class=\"cws_spacing cws_spacing_tablet\" style=\"height:110px;\"><\/div> <div class=\"cws_spacing cws_spacing_mobile\" style=\"height:50px;\"><\/div><\/div><div class=\"vc_row wpb_row vc_inner vc_row-fluid\"><div class=\"wpb_column vc_column_container vc_col-sm-6\"><div class=\"vc_column-inner\"><div class=\"wpb_wrapper\"><div class='cws_textmodule cws_vc_shortcode_module' id='cws_textmodule_69e05a1a35154'><div class='cws_textmodule_wrapper'><div class='cws_textmodule_text mobile_center text_align_left'><div class='cws_textmodule_titles'><div class='cws_textmodule_subtitle_wrapper with_decor'><span class='subtitle-dots left'><\/span><span class='subtitile_left_line'><\/span><h4 class='cws_textmodule_subtitle'>PASO A PASO<\/h4><span class='subtitile_right_line'><\/span><span class='subtitle-dots right'><\/span><\/div><h3 class='cws_textmodule_title large'>PROCESS<\/h3><\/div><\/div><\/div><\/div><\/div><\/div><\/div><div class=\"wpb_column vc_column_container vc_col-sm-6\"><div class=\"vc_column-inner\"><div class=\"wpb_wrapper\"><\/div><\/div><\/div><\/div><div class=\"cws_spacing cws_spacing_size_sm_desctop-on cws_spacing_tablet-on cws_spacing_mobile-on\"><div class=\"cws_spacing cws_spacing_default\" style=\"height:60px;\"><\/div> <div class=\"cws_spacing cws_spacing_size_sm_desctop\" style=\"height:60px;\"><\/div> <div class=\"cws_spacing cws_spacing_tablet\" style=\"height:30px;\"><\/div> <div class=\"cws_spacing cws_spacing_mobile\" style=\"height:10px;\"><\/div><\/div><div class=\"vc_row wpb_row vc_inner vc_row-fluid\"><div class=\"wpb_column vc_column_container vc_col-sm-6 vc_col-lg-5\"><div class=\"vc_column-inner\"><div class=\"wpb_wrapper\"><div class=\"cws_spacing cws_spacing_size_sm_desctop-on cws_spacing_tablet-on cws_spacing_mobile-on\"><div class=\"cws_spacing cws_spacing_default\" style=\"height:40px;\"><\/div> <div class=\"cws_spacing cws_spacing_size_sm_desctop\" style=\"height:40px;\"><\/div> <div class=\"cws_spacing cws_spacing_tablet\" style=\"height:0px;\"><\/div> <div class=\"cws_spacing cws_spacing_mobile\" style=\"height:0px;\"><\/div><\/div><div class='cws_textmodule cws_vc_shortcode_module' id='cws_textmodule_69e05a1a35995'><div class='cws_textmodule_wrapper'><div class='cws_textmodule_text text_align_left'><div class='cws_textmodule_titles'><h3 class='cws_textmodule_title with_bg small'>RON 12 A\u00d1OS<\/h3><\/div><div class='cws_textmodule_content'><div class='text_content_wrapper'><p style=\"text-align: center;\">A\u00f1ejado por 12 a\u00f1os en barricas de Roble Ex Bourbon o Ex Jack Daniels. Producto de la selecci\u00f3n de mejores mieles de la ca\u00f1a de az\u00facar del Valle del Cauca, que mezclada con aguas puras hace un producto de EXCELENTE calidad. Adem\u00e1s, para terminar su proceso lo guardamos durante casi 1 a\u00f1o en Barricas de Roble Virgen colombiano de la zona cafetera, a las temperaturas y humedad de la hermosa Cartagena de Indias, logrando un balance y diferentes notas pasando por las frutas, caf\u00e9, caramelo y tabaco.<\/p>\n<\/div><\/div><\/div><\/div><\/div><\/div><\/div><\/div><div class=\"wpb_column vc_column_container vc_col-sm-6 vc_col-lg-7\"><div class=\"vc_column-inner\"><div class=\"wpb_wrapper\"><div class=\"wpb_images_carousel wpb_content_element vc_clearfix vc_custom_1634829742328\"><div class=\"wpb_wrapper\"><div id=\"vc_images-carousel-1-1776310810\" data-ride=\"vc_carousel\" data-wrap=\"true\" style=\"width: 600px;\" data-interval=\"5000\" data-auto-height=\"yes\" data-mode=\"horizontal\" data-partial=\"false\" data-per-view=\"2\" data-hide-on-end=\"false\" class=\"vc_slide vc_images_carousel\"><ol class=\"vc_carousel-indicators\"><li data-target=\"#vc_images-carousel-1-1776310810\" data-slide-to=\"0\"><\/li><li data-target=\"#vc_images-carousel-1-1776310810\" data-slide-to=\"1\"><\/li><li data-target=\"#vc_images-carousel-1-1776310810\" data-slide-to=\"2\"><\/li><li data-target=\"#vc_images-carousel-1-1776310810\" data-slide-to=\"3\"><\/li><li data-target=\"#vc_images-carousel-1-1776310810\" data-slide-to=\"4\"><\/li><li data-target=\"#vc_images-carousel-1-1776310810\" data-slide-to=\"5\"><\/li><li data-target=\"#vc_images-carousel-1-1776310810\" data-slide-to=\"6\"><\/li><\/ol><div class=\"vc_carousel-inner\"><div class=\"vc_carousel-slideline\"><div class=\"vc_carousel-slideline-inner\"><div class=\"vc_item\"><div class=\"vc_inner\"><a class=\"\" href=\"https:\/\/ronciervadorada.com\/wp-content\/uploads\/2021\/10\/1.png\" data-lightbox=\"lightbox[rel-1365-2762972684]\"><img loading=\"lazy\" decoding=\"async\" class=\"\" src=\"https:\/\/ronciervadorada.com\/wp-content\/uploads\/2021\/10\/1.png\" width=\"484\" height=\"323\" alt=\"1\" title=\"1\" \/><\/a><\/div><\/div><div class=\"vc_item\"><div class=\"vc_inner\"><a class=\"\" href=\"https:\/\/ronciervadorada.com\/wp-content\/uploads\/2021\/10\/4.png\" data-lightbox=\"lightbox[rel-1365-2762972684]\"><img loading=\"lazy\" decoding=\"async\" class=\"\" src=\"https:\/\/ronciervadorada.com\/wp-content\/uploads\/2021\/10\/4.png\" width=\"484\" height=\"323\" alt=\"4\" title=\"4\" \/><\/a><\/div><\/div><div class=\"vc_item\"><div class=\"vc_inner\"><a class=\"\" href=\"https:\/\/ronciervadorada.com\/wp-content\/uploads\/2021\/10\/6.png\" data-lightbox=\"lightbox[rel-1365-2762972684]\"><img loading=\"lazy\" decoding=\"async\" class=\"\" src=\"https:\/\/ronciervadorada.com\/wp-content\/uploads\/2021\/10\/6.png\" width=\"484\" height=\"323\" alt=\"6\" title=\"6\" \/><\/a><\/div><\/div><div class=\"vc_item\"><div class=\"vc_inner\"><a class=\"\" href=\"https:\/\/ronciervadorada.com\/wp-content\/uploads\/2021\/10\/1-3.png\" data-lightbox=\"lightbox[rel-1365-2762972684]\"><img loading=\"lazy\" decoding=\"async\" class=\"\" src=\"https:\/\/ronciervadorada.com\/wp-content\/uploads\/2021\/10\/1-3.png\" width=\"484\" height=\"323\" alt=\"1\" title=\"1\" \/><\/a><\/div><\/div><div class=\"vc_item\"><div class=\"vc_inner\"><a class=\"\" href=\"https:\/\/ronciervadorada.com\/wp-content\/uploads\/2021\/10\/3.png\" data-lightbox=\"lightbox[rel-1365-2762972684]\"><img loading=\"lazy\" decoding=\"async\" class=\"\" src=\"https:\/\/ronciervadorada.com\/wp-content\/uploads\/2021\/10\/3.png\" width=\"484\" height=\"323\" alt=\"3\" title=\"3\" \/><\/a><\/div><\/div><div class=\"vc_item\"><div class=\"vc_inner\"><a class=\"\" href=\"https:\/\/ronciervadorada.com\/wp-content\/uploads\/2021\/10\/4-1.png\" data-lightbox=\"lightbox[rel-1365-2762972684]\"><img loading=\"lazy\" decoding=\"async\" class=\"\" src=\"https:\/\/ronciervadorada.com\/wp-content\/uploads\/2021\/10\/4-1.png\" width=\"484\" height=\"323\" alt=\"4\" title=\"4\" \/><\/a><\/div><\/div><div class=\"vc_item\"><div class=\"vc_inner\"><a class=\"\" href=\"https:\/\/ronciervadorada.com\/wp-content\/uploads\/2021\/10\/5.png\" data-lightbox=\"lightbox[rel-1365-2762972684]\"><img loading=\"lazy\" decoding=\"async\" class=\"\" src=\"https:\/\/ronciervadorada.com\/wp-content\/uploads\/2021\/10\/5.png\" width=\"484\" height=\"323\" alt=\"5\" title=\"5\" \/><\/a><\/div><\/div><\/div><\/div><\/div><a class=\"vc_left vc_carousel-control\" href=\"#vc_images-carousel-1-1776310810\" data-slide=\"prev\"><span class=\"icon-prev\"><\/span><\/a><a class=\"vc_right vc_carousel-control\" href=\"#vc_images-carousel-1-1776310810\" data-slide=\"next\"><span class=\"icon-next\"><\/span><\/a><\/div><\/div><\/div><\/div><\/div><\/div><\/div><div class=\"cws_spacing cws_spacing_size_sm_desctop-on cws_spacing_tablet-on cws_spacing_mobile-on\"><div class=\"cws_spacing cws_spacing_default\" style=\"height:110px;\"><\/div> <div class=\"cws_spacing cws_spacing_size_sm_desctop\" style=\"height:110px;\"><\/div> <div class=\"cws_spacing cws_spacing_tablet\" style=\"height:110px;\"><\/div> <div class=\"cws_spacing cws_spacing_mobile\" style=\"height:50px;\"><\/div><\/div><\/div><\/div><\/div><!-- CWS Column --> <\/div><\/div><\/div><div class=\"vc_row-full-width vc_clearfix\"><\/div><\/div><\/div><!-- CWS Row --><div  class=\"cws-content\" style=\"background-repeat:repeat;background-size:initial;background-attachment:scroll;background-position:0% 0%;\"><div class=\"cws_extra_wrapper\"><div data-vc-full-width=\"true\" data-vc-full-width-init=\"false\" data-vc-stretch-content=\"true\" class=\"vc_row wpb_row vc_row-fluid vc_row-no-padding\"><div class=\"wpb_column vc_column_container vc_col-sm-12 cws-column\"><div class=\"cws_vc_column-inner\"><div class=\"wpb_column vc_column_container vc_col-sm-12\"><div class=\"vc_column-inner\"><div class=\"wpb_wrapper\"><div id='cta_69e05a1a3802b' class='cws_vc_shortcode_cta cws_vc_shortcode_module vc_custom_1632495760822'><div class='cta_holder'><div class='cta_text'>COMPRA RON CIERVA DORADA<\/div><div class='cta_icon'><i class='flaticon-right-arrow-of-indian-style'><\/i><\/div><a href='https:\/\/americadelicores.com\/product\/ron-cierva-dorada-12-anos\/' class='cws_custom_button advanced'>HACIENDO CLIC AQUI<\/a><\/div><\/div><\/div><\/div><\/div><!-- CWS Column --> <\/div><\/div><\/div><div class=\"vc_row-full-width vc_clearfix\"><\/div><\/div><\/div><!-- CWS Row --><div  class=\"cws-content\" style=\"background-repeat:repeat;background-size:initial;background-attachment:scroll;background-position:0% 0%;\"><div class=\"cws_extra_wrapper\"><div class=\"vc_row wpb_row vc_row-fluid\"><div class=\"wpb_column vc_column_container vc_col-sm-12 cws-column\"><div class=\"cws_vc_column-inner\"><div data-vc-parallax=\"1.5\" class=\"wpb_column vc_column_container vc_col-sm-12 vc_col-has-fill vc_general vc_parallax vc_parallax-content-moving\"><div class=\"vc_column-inner\"><div class=\"wpb_wrapper\"><div class=\"cws_spacing\"><div class=\"cws_spacing cws_spacing_default\" style=\"height:32px;\"><\/div><\/div><\/div><\/div><\/div><!-- CWS Column --> <\/div><\/div><div class=\"wpb_column vc_column_container vc_col-sm-4 cws-column\"><div class=\"cws_vc_column-inner\"><div class=\"wpb_column vc_column_container vc_col-sm-4\"><div class=\"vc_column-inner\"><div class=\"wpb_wrapper\">\n\t<div  class=\"wpb_single_image wpb_content_element vc_align_center\">\n\t\t\n\t\t<figure class=\"wpb_wrapper vc_figure\">\n\t\t\t<a class=\"\" data-lightbox=\"lightbox[rel-1365-1178479389]\" href=\"https:\/\/ronciervadorada.com\/wp-content\/uploads\/2021\/09\/02_P.png\" target=\"_self\"><img loading=\"lazy\" decoding=\"async\" width=\"879\" height=\"968\" src=\"https:\/\/ronciervadorada.com\/wp-content\/uploads\/2021\/09\/02_P.png\" class=\"vc_single_image-img attachment-large\" alt=\"\" srcset=\"https:\/\/ronciervadorada.com\/wp-content\/uploads\/2021\/09\/02_P.png 879w, https:\/\/ronciervadorada.com\/wp-content\/uploads\/2021\/09\/02_P-600x661.png 600w, https:\/\/ronciervadorada.com\/wp-content\/uploads\/2021\/09\/02_P-272x300.png 272w, https:\/\/ronciervadorada.com\/wp-content\/uploads\/2021\/09\/02_P-768x846.png 768w\" sizes=\"(max-width: 879px) 100vw, 879px\" \/><\/a>\n\t\t<\/figure>\n\t<\/div>\n<\/div><\/div><\/div><!-- CWS Column --> <\/div><\/div><div class=\"wpb_column vc_column_container vc_col-sm-4 cws-column\"><div class=\"cws_vc_column-inner\"><div class=\"wpb_column vc_column_container vc_col-sm-4\"><div class=\"vc_column-inner\"><div class=\"wpb_wrapper\">\n\t<div  class=\"wpb_single_image wpb_content_element vc_align_center\">\n\t\t\n\t\t<figure class=\"wpb_wrapper vc_figure\">\n\t\t\t<a class=\"\" data-lightbox=\"lightbox[rel-1365-713656180]\" href=\"https:\/\/ronciervadorada.com\/wp-content\/uploads\/2021\/09\/02_P.png\" target=\"_self\"><img loading=\"lazy\" decoding=\"async\" width=\"879\" height=\"968\" src=\"https:\/\/ronciervadorada.com\/wp-content\/uploads\/2021\/09\/02_P.png\" class=\"vc_single_image-img attachment-large\" alt=\"\" srcset=\"https:\/\/ronciervadorada.com\/wp-content\/uploads\/2021\/09\/02_P.png 879w, https:\/\/ronciervadorada.com\/wp-content\/uploads\/2021\/09\/02_P-600x661.png 600w, https:\/\/ronciervadorada.com\/wp-content\/uploads\/2021\/09\/02_P-272x300.png 272w, https:\/\/ronciervadorada.com\/wp-content\/uploads\/2021\/09\/02_P-768x846.png 768w\" sizes=\"(max-width: 879px) 100vw, 879px\" \/><\/a>\n\t\t<\/figure>\n\t<\/div>\n<\/div><\/div><\/div><!-- CWS Column --> <\/div><\/div><div class=\"wpb_column vc_column_container vc_col-sm-4 cws-column\"><div class=\"cws_vc_column-inner\"><div class=\"wpb_column vc_column_container vc_col-sm-4\"><div class=\"vc_column-inner\"><div class=\"wpb_wrapper\">\n\t<div  class=\"wpb_single_image wpb_content_element vc_align_center\">\n\t\t\n\t\t<figure class=\"wpb_wrapper vc_figure\">\n\t\t\t<a class=\"\" data-lightbox=\"lightbox[rel-1365-3391749609]\" href=\"https:\/\/ronciervadorada.com\/wp-content\/uploads\/2021\/09\/02_P.png\" target=\"_self\"><img loading=\"lazy\" decoding=\"async\" width=\"879\" height=\"968\" src=\"https:\/\/ronciervadorada.com\/wp-content\/uploads\/2021\/09\/02_P.png\" class=\"vc_single_image-img attachment-large\" alt=\"\" srcset=\"https:\/\/ronciervadorada.com\/wp-content\/uploads\/2021\/09\/02_P.png 879w, https:\/\/ronciervadorada.com\/wp-content\/uploads\/2021\/09\/02_P-600x661.png 600w, https:\/\/ronciervadorada.com\/wp-content\/uploads\/2021\/09\/02_P-272x300.png 272w, https:\/\/ronciervadorada.com\/wp-content\/uploads\/2021\/09\/02_P-768x846.png 768w\" sizes=\"(max-width: 879px) 100vw, 879px\" \/><\/a>\n\t\t<\/figure>\n\t<\/div>\n<\/div><\/div><\/div><!-- CWS Column --> <\/div><\/div><\/div><\/div><\/div>","protected":false},"excerpt":{"rendered":"RON CIERVA DORADA12 A\u00d1OS AmbientalEn el de cierva pondr\u00edan poner que su empaque de lujo es un lienzo repujado en material biodegradable que busca ser amigable con el medio ambiente. Hijo del CaribeEn el alba, donde las ondas turbulentas del vasto mar profundo se mezclan con el horizonte, surge la leyenda del ron CIERVA DORADA,\u00a0que como el gale\u00f3n que es su musa, es un regalo con alma de madera que crean una pieza \u00fanica para los sentidos CIERVA DORADA COMPRA RON CIERVA DORADAHACIENDO CLIC AQU\u00cd PASO A PASOPROCESO RON 12 A\u00d1OSA\u00f1ejado por 12 a\u00f1os en barricas de Roble Ex Bourbon o Ex Jack Daniels. Producto de la selecci\u00f3n de mejores mieles de la ca\u00f1a de az\u00facar del Valle del Cauca, que mezclada con aguas puras hace un producto de EXCELENTE calidad. Adem\u00e1s, para terminar su proceso lo guardamos durante casi 1 a\u00f1o en Barricas de Roble Virgen colombiano de la zona cafetera, a las temperaturas y humedad de la hermosa Cartagena de Indias, logrando un balance y diferentes notas pasando por las frutas, caf\u00e9, caramelo y tabaco. COMPRA RON CIERVA DORADAHACIENDO CLIC AQUI","protected":false},"author":1,"featured_media":0,"parent":0,"menu_order":0,"comment_status":"closed","ping_status":"closed","template":"","meta":{"footnotes":""},"_links":{"self":[{"href":"https:\/\/ronciervadorada.com\/en\/wp-json\/wp\/v2\/pages\/1365"}],"collection":[{"href":"https:\/\/ronciervadorada.com\/en\/wp-json\/wp\/v2\/pages"}],"about":[{"href":"https:\/\/ronciervadorada.com\/en\/wp-json\/wp\/v2\/types\/page"}],"author":[{"embeddable":true,"href":"https:\/\/ronciervadorada.com\/en\/wp-json\/wp\/v2\/users\/1"}],"replies":[{"embeddable":true,"href":"https:\/\/ronciervadorada.com\/en\/wp-json\/wp\/v2\/comments?post=1365"}],"version-history":[{"count":50,"href":"https:\/\/ronciervadorada.com\/en\/wp-json\/wp\/v2\/pages\/1365\/revisions"}],"predecessor-version":[{"id":2615,"href":"https:\/\/ronciervadorada.com\/en\/wp-json\/wp\/v2\/pages\/1365\/revisions\/2615"}],"wp:attachment":[{"href":"https:\/\/ronciervadorada.com\/en\/wp-json\/wp\/v2\/media?parent=1365"}],"curies":[{"name":"wp","href":"https:\/\/api.w.org\/{rel}","templated":true}]}}